{"id":18725,"date":"2026-01-02T01:57:15","date_gmt":"2026-01-02T00:57:15","guid":{"rendered":"https:\/\/dc.digitusconsulting.net\/?page_id=18725"},"modified":"2026-01-11T12:41:53","modified_gmt":"2026-01-11T11:41:53","slug":"imprint","status":"publish","type":"page","link":"https:\/\/www.digitusconsulting.com\/de\/imprint\/","title":{"rendered":"Impressum"},"content":{"rendered":"<div data-elementor-type=\"wp-page\" data-elementor-id=\"18725\" class=\"elementor elementor-18725\" data-elementor-post-type=\"page\">\n\t\t\t\t<div class=\"elementor-element elementor-element-ff633f4 e-flex e-con-boxed e-con e-parent\" data-id=\"ff633f4\" data-element_type=\"container\" data-e-type=\"container\">\n\t\t\t\t\t<div class=\"e-con-inner\">\n\t\t\n\n\t\t<div class=\"elementor-element elementor-element-18252dd elementor-widget elementor-widget-text-editor\" data-id=\"18252dd\" data-element_type=\"widget\" data-e-type=\"widget\" data-widget_type=\"text-editor.default\">\n\t\t\t\t\t\t\t\t\t<p>\n<b>Digitus Consulting GmbH<\/b>,\n<\/br>Wallbergweg 1,\n<\/br>85551 Kirchheim bei M\u00fcnchen,\n<\/br>Germany\n<\/br><\/br>\n<b>Phone:<\/b> +49 (0)89 9430 3715\n<\/br><b>Email:<\/b> info at digitusconsulting dot com\n<\/br><b>Website:<\/b> www.digitusconsulting.com\n<\/p>\n\n<p>\n<b>\u00a7 34c issuing authority:<\/b>\n<\/br>Landeshauptstadt M\u00fcnchen,\n<\/br>Kreisverwaltungsreferat,\n<\/br>Hauptabteilung I,\n<\/br>Ruppertstra\u00dfe 19,\n<\/br>80466 Munich\n<\/br>Germany\n<\/br><\/br>\n\n<b>Competent authority:<\/b>\n<\/br>IHK for Munich and Oberbayern,\n<\/br>Max-Joseph-Str. 2,\n<\/br>80333 M\u00fcnchen\n<\/br>Germany\n<\/br><\/br>\n<b>Handelsregister number:<\/b> HRB 204917\n<\/br><\/br>\n<b>VAT ID number<\/b> according to \u00a7 27a sales tax law: DE289082329\n\n<\/p>\n<b>Disclaimer:<\/b> Despite careful content control, we assume no liability for the content of external links. The operators of linked sites are solely responsible for their content.\n<\/p>\t\t\t\t\t\t\t\t<\/div>\n\t\t\t\t\t<\/div>\n\t\t\t\t<\/div>\n\t\t\t\t<\/div>","protected":false},"excerpt":{"rendered":"<p>Digitus Consulting GmbH, Wallbergweg 1, 85551 Kirchheim bei M\u00fcnchen, Germany Phone: +49 (0)89 9430 3715 Email: info at digitusconsulting dot com Website: www.digitusconsulting.com \u00a7 34c issuing authority: Landeshauptstadt M\u00fcnchen, Kreisverwaltungsreferat, Hauptabteilung I, Ruppertstra\u00dfe 19, 80466 Munich Germany Competent authority: IHK for Munich and Oberbayern, Max-Joseph-Str. 2, 80333 M\u00fcnchen Germany Handelsregister number: HRB 204917 VAT ID [&hellip;]<\/p>\n","protected":false},"author":2,"featured_media":0,"parent":0,"menu_order":0,"comment_status":"closed","ping_status":"closed","template":"page-templates\/template-default.php","meta":{"iawp_total_views":3,"footnotes":""},"class_list":["post-18725","page","type-page","status-publish","hentry"],"yoast_head":"<!-- This site is optimized with the Yoast SEO Premium plugin v27.4 (Yoast SEO v27.4) - https:\/\/yoast.com\/product\/yoast-seo-premium-wordpress\/ -->\n<title>Imprint - Digitus Consulting<\/title>\n<meta name=\"robots\" content=\"index, follow, max-snippet:-1, max-image-preview:large, max-video-preview:-1\" \/>\n<link rel=\"canonical\" href=\"https:\/\/www.digitusconsulting.com\/de\/imprint\/\" \/>\n<meta property=\"og:locale\" content=\"de_DE\" \/>\n<meta property=\"og:type\" content=\"article\" \/>\n<meta property=\"og:title\" content=\"Imprint\" \/>\n<meta property=\"og:description\" content=\"Digitus Consulting GmbH, Wallbergweg 1, 85551 Kirchheim bei M\u00fcnchen, Germany Phone: +49 (0)89 9430 3715 Email: info at digitusconsulting dot com Website: www.digitusconsulting.com \u00a7 34c issuing authority: Landeshauptstadt M\u00fcnchen, Kreisverwaltungsreferat, Hauptabteilung I, Ruppertstra\u00dfe 19, 80466 Munich Germany Competent authority: IHK for Munich and Oberbayern, Max-Joseph-Str. 2, 80333 M\u00fcnchen Germany Handelsregister number: HRB 204917 VAT ID [&hellip;]\" \/>\n<meta property=\"og:url\" content=\"https:\/\/www.digitusconsulting.com\/de\/imprint\/\" \/>\n<meta property=\"og:site_name\" content=\"Digitus Consulting\" \/>\n<meta property=\"article:publisher\" content=\"https:\/\/www.facebook.com\/profile.php?id=100083283485223\" \/>\n<meta property=\"article:modified_time\" content=\"2026-01-11T11:41:53+00:00\" \/>\n<meta name=\"twitter:card\" content=\"summary_large_image\" \/>\n<meta name=\"twitter:label1\" content=\"Gesch\u00e4tzte Lesezeit\" \/>\n\t<meta name=\"twitter:data1\" content=\"1\u00a0Minute\" \/>\n<script type=\"application\/ld+json\" class=\"yoast-schema-graph\">{\"@context\":\"https:\\\/\\\/schema.org\",\"@graph\":[{\"@type\":\"WebPage\",\"@id\":\"https:\\\/\\\/www.digitusconsulting.com\\\/imprint\\\/\",\"url\":\"https:\\\/\\\/www.digitusconsulting.com\\\/imprint\\\/\",\"name\":\"Imprint - Digitus Consulting\",\"isPartOf\":{\"@id\":\"https:\\\/\\\/hotpink-herring-974862.hostingersite.com\\\/#website\"},\"datePublished\":\"2026-01-02T00:57:15+00:00\",\"dateModified\":\"2026-01-11T11:41:53+00:00\",\"breadcrumb\":{\"@id\":\"https:\\\/\\\/www.digitusconsulting.com\\\/imprint\\\/#breadcrumb\"},\"inLanguage\":\"de\",\"potentialAction\":[{\"@type\":\"ReadAction\",\"target\":[\"https:\\\/\\\/www.digitusconsulting.com\\\/imprint\\\/\"]}]},{\"@type\":\"BreadcrumbList\",\"@id\":\"https:\\\/\\\/www.digitusconsulting.com\\\/imprint\\\/#breadcrumb\",\"itemListElement\":[{\"@type\":\"ListItem\",\"position\":1,\"name\":\"Home\",\"item\":\"https:\\\/\\\/hotpink-herring-974862.hostingersite.com\\\/\"},{\"@type\":\"ListItem\",\"position\":2,\"name\":\"Imprint\"}]},{\"@type\":\"WebSite\",\"@id\":\"https:\\\/\\\/hotpink-herring-974862.hostingersite.com\\\/#website\",\"url\":\"https:\\\/\\\/hotpink-herring-974862.hostingersite.com\\\/\",\"name\":\"Digitus Consulting\",\"description\":\"\",\"publisher\":{\"@id\":\"https:\\\/\\\/hotpink-herring-974862.hostingersite.com\\\/#organization\"},\"potentialAction\":[{\"@type\":\"SearchAction\",\"target\":{\"@type\":\"EntryPoint\",\"urlTemplate\":\"https:\\\/\\\/hotpink-herring-974862.hostingersite.com\\\/?s={search_term_string}\"},\"query-input\":{\"@type\":\"PropertyValueSpecification\",\"valueRequired\":true,\"valueName\":\"search_term_string\"}}],\"inLanguage\":\"de\"},{\"@type\":[\"Organization\",\"Place\"],\"@id\":\"https:\\\/\\\/hotpink-herring-974862.hostingersite.com\\\/#organization\",\"name\":\"Digitus Consulting GmbH\",\"alternateName\":\"Digitus Consulting GmbH\",\"url\":\"https:\\\/\\\/hotpink-herring-974862.hostingersite.com\\\/\",\"logo\":{\"@id\":\"https:\\\/\\\/www.digitusconsulting.com\\\/imprint\\\/#local-main-organization-logo\"},\"image\":{\"@id\":\"https:\\\/\\\/www.digitusconsulting.com\\\/imprint\\\/#local-main-organization-logo\"},\"sameAs\":[\"https:\\\/\\\/www.facebook.com\\\/profile.php?id=100083283485223\",\"https:\\\/\\\/www.instagram.com\\\/digitus_consulting\\\/\",\"https:\\\/\\\/www.linkedin.com\\\/company\\\/digitus-consulting-gmbh\"],\"description\":\"Digitus Consulting GmbH - Provider of IT Services & Solutions to small & medium-sized businesses. Services offered: IT Infrastructure \u29bf Consulting \u29bf Digital Transformation \u29bf Digital Marketing \u29bf Website Development \u29bf Application Development\",\"legalName\":\"Digitus Consulting GmbH\",\"foundingDate\":\"2013-02-01\",\"numberOfEmployees\":{\"@type\":\"QuantitativeValue\",\"minValue\":\"1\",\"maxValue\":\"10\"},\"address\":{\"@id\":\"https:\\\/\\\/www.digitusconsulting.com\\\/imprint\\\/#local-main-place-address\"},\"geo\":{\"@type\":\"GeoCoordinates\",\"latitude\":\"48.1758\",\"longitude\":\"11.7560\"},\"telephone\":[\"+49 (0)89 9430 3715\",\"+49 (0)160 741 9828\"],\"contactPoint\":{\"@type\":\"ContactPoint\",\"telephone\":\"+49 (0)89 9430 3715\",\"email\":\"info@digitusconsulting.com\"},\"openingHoursSpecification\":[{\"@type\":\"OpeningHoursSpecification\",\"dayOfWeek\":[\"Monday\",\"Tuesday\",\"Wednesday\",\"Thursday\",\"Friday\"],\"opens\":\"08:00\",\"closes\":\"18:00\"},{\"@type\":\"OpeningHoursSpecification\",\"dayOfWeek\":[\"Saturday\",\"Sunday\"],\"opens\":\"10:00\",\"closes\":\"16:00\"}],\"email\":\"info@digitusconsulting.com\",\"areaServed\":\"Worldwide\",\"vatID\":\"DE289082329\",\"taxID\":\"143\\\/12960983\"},{\"@type\":\"PostalAddress\",\"@id\":\"https:\\\/\\\/www.digitusconsulting.com\\\/imprint\\\/#local-main-place-address\",\"streetAddress\":\"Wallbergweg 1\",\"addressLocality\":\"Kirchheim bei M\u00fcnchen\",\"postalCode\":\"85551\",\"addressRegion\":\"Bayern\",\"addressCountry\":\"DE\"},{\"@type\":\"ImageObject\",\"inLanguage\":\"de\",\"@id\":\"https:\\\/\\\/www.digitusconsulting.com\\\/imprint\\\/#local-main-organization-logo\",\"url\":\"https:\\\/\\\/www.digitusconsulting.com\\\/wp-content\\\/uploads\\\/2026\\\/01\\\/android-chrome-192x192-1.png\",\"contentUrl\":\"https:\\\/\\\/www.digitusconsulting.com\\\/wp-content\\\/uploads\\\/2026\\\/01\\\/android-chrome-192x192-1.png\",\"width\":192,\"height\":192,\"caption\":\"Digitus Consulting GmbH\"}]}<\/script>\n<meta name=\"geo.placename\" content=\"Kirchheim bei M\u00fcnchen\" \/>\n<meta name=\"geo.position\" content=\"48.1758;11.7560\" \/>\n<meta name=\"geo.region\" content=\"Deutschland\" \/>\n<!-- \/ Yoast SEO Premium plugin. -->","yoast_head_json":{"title":"Imprint - Digitus Consulting","robots":{"index":"index","follow":"follow","max-snippet":"max-snippet:-1","max-image-preview":"max-image-preview:large","max-video-preview":"max-video-preview:-1"},"canonical":"https:\/\/www.digitusconsulting.com\/de\/imprint\/","og_locale":"de_DE","og_type":"article","og_title":"Imprint","og_description":"Digitus Consulting GmbH, Wallbergweg 1, 85551 Kirchheim bei M\u00fcnchen, Germany Phone: +49 (0)89 9430 3715 Email: info at digitusconsulting dot com Website: www.digitusconsulting.com \u00a7 34c issuing authority: Landeshauptstadt M\u00fcnchen, Kreisverwaltungsreferat, Hauptabteilung I, Ruppertstra\u00dfe 19, 80466 Munich Germany Competent authority: IHK for Munich and Oberbayern, Max-Joseph-Str. 2, 80333 M\u00fcnchen Germany Handelsregister number: HRB 204917 VAT ID [&hellip;]","og_url":"https:\/\/www.digitusconsulting.com\/de\/imprint\/","og_site_name":"Digitus Consulting","article_publisher":"https:\/\/www.facebook.com\/profile.php?id=100083283485223","article_modified_time":"2026-01-11T11:41:53+00:00","twitter_card":"summary_large_image","twitter_misc":{"Gesch\u00e4tzte Lesezeit":"1\u00a0Minute"},"schema":{"@context":"https:\/\/schema.org","@graph":[{"@type":"WebPage","@id":"https:\/\/www.digitusconsulting.com\/imprint\/","url":"https:\/\/www.digitusconsulting.com\/imprint\/","name":"Imprint - Digitus Consulting","isPartOf":{"@id":"https:\/\/hotpink-herring-974862.hostingersite.com\/#website"},"datePublished":"2026-01-02T00:57:15+00:00","dateModified":"2026-01-11T11:41:53+00:00","breadcrumb":{"@id":"https:\/\/www.digitusconsulting.com\/imprint\/#breadcrumb"},"inLanguage":"de","potentialAction":[{"@type":"ReadAction","target":["https:\/\/www.digitusconsulting.com\/imprint\/"]}]},{"@type":"BreadcrumbList","@id":"https:\/\/www.digitusconsulting.com\/imprint\/#breadcrumb","itemListElement":[{"@type":"ListItem","position":1,"name":"Home","item":"https:\/\/hotpink-herring-974862.hostingersite.com\/"},{"@type":"ListItem","position":2,"name":"Imprint"}]},{"@type":"WebSite","@id":"https:\/\/hotpink-herring-974862.hostingersite.com\/#website","url":"https:\/\/hotpink-herring-974862.hostingersite.com\/","name":"Digitus Consulting","description":"","publisher":{"@id":"https:\/\/hotpink-herring-974862.hostingersite.com\/#organization"},"potentialAction":[{"@type":"SearchAction","target":{"@type":"EntryPoint","urlTemplate":"https:\/\/hotpink-herring-974862.hostingersite.com\/?s={search_term_string}"},"query-input":{"@type":"PropertyValueSpecification","valueRequired":true,"valueName":"search_term_string"}}],"inLanguage":"de"},{"@type":["Organization","Place"],"@id":"https:\/\/hotpink-herring-974862.hostingersite.com\/#organization","name":"Digitus Consulting GmbH","alternateName":"Digitus Consulting GmbH","url":"https:\/\/hotpink-herring-974862.hostingersite.com\/","logo":{"@id":"https:\/\/www.digitusconsulting.com\/imprint\/#local-main-organization-logo"},"image":{"@id":"https:\/\/www.digitusconsulting.com\/imprint\/#local-main-organization-logo"},"sameAs":["https:\/\/www.facebook.com\/profile.php?id=100083283485223","https:\/\/www.instagram.com\/digitus_consulting\/","https:\/\/www.linkedin.com\/company\/digitus-consulting-gmbh"],"description":"Digitus Consulting GmbH - Provider of IT Services & Solutions to small & medium-sized businesses. Services offered: IT Infrastructure \u29bf Consulting \u29bf Digital Transformation \u29bf Digital Marketing \u29bf Website Development \u29bf Application Development","legalName":"Digitus Consulting GmbH","foundingDate":"2013-02-01","numberOfEmployees":{"@type":"QuantitativeValue","minValue":"1","maxValue":"10"},"address":{"@id":"https:\/\/www.digitusconsulting.com\/imprint\/#local-main-place-address"},"geo":{"@type":"GeoCoordinates","latitude":"48.1758","longitude":"11.7560"},"telephone":["+49 (0)89 9430 3715","+49 (0)160 741 9828"],"contactPoint":{"@type":"ContactPoint","telephone":"+49 (0)89 9430 3715","email":"info@digitusconsulting.com"},"openingHoursSpecification":[{"@type":"OpeningHoursSpecification","dayOfWeek":["Monday","Tuesday","Wednesday","Thursday","Friday"],"opens":"08:00","closes":"18:00"},{"@type":"OpeningHoursSpecification","dayOfWeek":["Saturday","Sunday"],"opens":"10:00","closes":"16:00"}],"email":"info@digitusconsulting.com","areaServed":"Worldwide","vatID":"DE289082329","taxID":"143\/12960983"},{"@type":"PostalAddress","@id":"https:\/\/www.digitusconsulting.com\/imprint\/#local-main-place-address","streetAddress":"Wallbergweg 1","addressLocality":"Kirchheim bei M\u00fcnchen","postalCode":"85551","addressRegion":"Bayern","addressCountry":"DE"},{"@type":"ImageObject","inLanguage":"de","@id":"https:\/\/www.digitusconsulting.com\/imprint\/#local-main-organization-logo","url":"https:\/\/www.digitusconsulting.com\/wp-content\/uploads\/2026\/01\/android-chrome-192x192-1.png","contentUrl":"https:\/\/www.digitusconsulting.com\/wp-content\/uploads\/2026\/01\/android-chrome-192x192-1.png","width":192,"height":192,"caption":"Digitus Consulting GmbH"}]},"geo.placename":"Kirchheim bei M\u00fcnchen","geo.position":{"lat":"48.1758","long":"11.7560"},"geo.region":"Deutschland"},"_links":{"self":[{"href":"https:\/\/www.digitusconsulting.com\/de\/wp-json\/wp\/v2\/pages\/18725","targetHints":{"allow":["GET"]}}],"collection":[{"href":"https:\/\/www.digitusconsulting.com\/de\/wp-json\/wp\/v2\/pages"}],"about":[{"href":"https:\/\/www.digitusconsulting.com\/de\/wp-json\/wp\/v2\/types\/page"}],"author":[{"embeddable":true,"href":"https:\/\/www.digitusconsulting.com\/de\/wp-json\/wp\/v2\/users\/2"}],"replies":[{"embeddable":true,"href":"https:\/\/www.digitusconsulting.com\/de\/wp-json\/wp\/v2\/comments?post=18725"}],"version-history":[{"count":3,"href":"https:\/\/www.digitusconsulting.com\/de\/wp-json\/wp\/v2\/pages\/18725\/revisions"}],"predecessor-version":[{"id":18983,"href":"https:\/\/www.digitusconsulting.com\/de\/wp-json\/wp\/v2\/pages\/18725\/revisions\/18983"}],"wp:attachment":[{"href":"https:\/\/www.digitusconsulting.com\/de\/wp-json\/wp\/v2\/media?parent=18725"}],"curies":[{"name":"wp","href":"https:\/\/api.w.org\/{rel}","templated":true}]}}